{"id":124,"date":"2023-03-23T18:31:31","date_gmt":"2023-03-23T16:31:31","guid":{"rendered":"https:\/\/carpatia3d.com\/?page_id=124"},"modified":"2025-03-06T21:38:03","modified_gmt":"2025-03-06T19:38:03","slug":"publikacje-naukowe-zespolu","status":"publish","type":"page","link":"https:\/\/carpatia3d.com\/en\/publikacje-naukowe-zespolu\/","title":{"rendered":"Team scientific publications"},"content":{"rendered":"<p><\/p>\n<h3>Activities presenting the scientific and practical experience of the team of IT specialists implementing the project in the field of 3D digitization of cultural heritage objects:<\/h3>\n<h4>Projects currently underway:<\/h4>\n<ul>\n<li>&#8220;Wooden monuments of the Carpathians in 3D &#8211; 3D digitization and sharing&#8221;. Project portal: <a href=\"http:\/\/carpatia3d.com\">carpatia3d.com<\/a><\/li>\n<li>&#8220;3D scanning of historical liturgical vestments belonging to the collection of the Archdiocesan Museum of Religious Art in Lublin and the John Paul II Catholic University of Lublin (KUL) Museum.&#8221;<br \/>\nportal: <a href=\"http:\/\/polskiedziedzictwo3d.pl\">polskiedziedzictwo3d.pl<\/a><\/li>\n<\/ul>\n<h4>Completed projects:<\/h4>\n<ul>\n<li>&#8220;Research on the national cultural heritage of the Polish diaspora in the USA and the creation of digital memory collections&#8221;; program of the Minister of Education and Science: &#8220;Science for society&#8221;, area: &#8220;Humanities-Society-Identity&#8221;. Project portal: <a href=\"http:\/\/polskiedziedzictwo3d.pl\">polskiedziedzictwo3d.pl<\/a><\/li>\n<li>&#8220;3D Digital Silk Road&#8221; &#8211; digitization of the monuments of the Silk Road in Uzbekistan, financed by the Polish National Agency for Academic Exchange (NAWA) (www.nawa.gov.pl). Project website: <a href=\"https:\/\/silkroad3d.com\/\">https:\/\/silkroad3d.com\/<\/a><\/li>\n<\/ul>\n<h4>Scientific articles:<\/h4>\n<p><strong>2025 (1)<\/strong><\/p>\n<ul>\n<li>Towards an easy-to-implement method of obtaining 3D models of historical wooden churches using a combination of modern techniques \/ Jacek K\u0119sik, Marek Mi\u0142osz, Jerzy Montusiewicz, Kamil \u017by\u0142a \/\/ Muzeologia a Kulturne Dedicstvo = Museology and Cultural Heritage.- 2025, vol. 13, nr 1, s. 113-137 [MNiSW: 200]<\/li>\n<\/ul>\n<p><strong>2024 (4)<\/strong><\/p>\n<ul>\n<li>3D scanning and modeling of highly detailed and geometrically complex historical architectural objects: the example of the Juma Mosque in Khiva (Uzbekistan) \/ Marek Milosz, Jacek K\u0119sik and Utkir Abdullaev \/\/ Heritage Science.- 2024, nr 12, s. 1-14 [MNiSW: 140]<\/li>\n<li>Three-Dimensional Digitization of Documentation and Perpetual Preservation of Cultural Heritage Buildings at Risk of Liquidation and Loss?The Methodology and Case Study of St Adalbert?s Church in Chicago \/ Marek Mi\u0142osz, Jacek K\u0119sik, Jerzy Montusiewicz \/\/ Electronics.- 2024, vol. 13, nr 3, s. 1-26 [MNiSW: 100]<\/li>\n<li>Scanning, modelling and dissemination of the interior appearance of wooden historic churches in the Maramures region of Romania \/ Kamil \u017by\u0142a, Jacek K\u0119sik, Sylwester Korga, Marek Mi\u0142osz, Karolina Rybak \/\/ Digital Applications in Archaeology and Cultural Heritage.- 2024, vol. 34, s. 1-11 [MNiSW: 100]<\/li>\n<li><a class=\"title\" href=\"https:\/\/pub.pollub.pl\/publication\/31526\/\">Special Issue on 3D Information Technologies for Tangible and Intangible Cultural Heritage?Motivations, Overview of Published Works, and Perspectives for the Future<\/a>\u00a0\/\u00a0<a class=\"author-link\" href=\"https:\/\/pub.pollub.pl\/author\/1083\/\">Marek Mi\u0142osz<\/a>,\u00a0<a class=\"author-link\" href=\"https:\/\/pub.pollub.pl\/author\/1325\/\">Jacek K\u0119sik<\/a>\u00a0\/\/\u00a0<a href=\"https:\/\/pub.pollub.pl\/publication\/871\/\">Applied Sciences<\/a>.- 2024, vol. 14, nr 11, s. 1-4 [MNiSW: 100]<\/li>\n<\/ul>\n<p><strong>2023 (3)<\/strong><\/p>\n<ul>\n<li>A Methodical Approach to 3D Scanning of Heritage Objects Being under Continuous Display \/ Jacek K\u0119sik, Kamil \u017by\u0142a, Jerzy Montusiewicz, Marek Mi\u0142osz, Calin Neamtu and Marta Juszczyk \/\/ Applied Sciences.- 2023, vol. 13, nr 1, s. 1-20 [MNiSW: 100]<\/li>\n<li>Special Issue on 3D Information Technologies in Cultural Heritage Preservation and Popularization\u2014Motivations, Works Overview, and the Future \/ Marek Mi\u0142osz and Jacek K\u0119sik \/\/ Applied Sciences.- 2023, vol. 13, nr 1, s. 1-4 [MNiSW: 100]<\/li>\n<li>Creating Mobile VR Visualisations of 3D Objects from the Area of the Silk Road \/ Jerzy Montusiewicz, Stanis\u0142aw Skulimowski, Marcin Barszcz, Rahim Kayumov. [W]: Learning in the Age of Digital and Green Transition : proceedings of the 25th International Conference on Interactive Collaborative Learning (ICL2022). Vol 2.- 2023, s. 1032-1043 [MNiSW: 20]<\/li>\n<\/ul>\n<p><strong>2022 (6)<\/strong><\/p>\n<ul>\n<li>Acceptation of the Developed Mobile Virtual Reality Visualisations of 3D Objects from the Area of the Silk Road \/ Jerzy Montusiewicz, Marcin Barszcz, Stanis\u0142aw Skulimowski, Katarzyna Baran, Rahim Kayumov \/\/ Advances in Science and Technology Research Journal.- 2022, vol. 16, nr 4, s. 211-222 [MNiSW: 100]<\/li>\n<li>3D technologies for intangible cultural heritage preservation\u2014literature review for selected databases \/ Maria Skublewska-Paszkowska, Marek Mi\u0142osz, Pawe\u0142 Powro\u017anik and Edyta \u0141ukasik \/\/ Heritage Science.- 2022, vol. 10, s. 1-24 [MNiSW: 140]<\/li>\n<li>Preparation of 3D Models of Cultural Heritage Objects to Be Recognised by Touch by the Blind\u2014Case Studies \/ Jerzy Montusiewicz, Marcin Barszcz and Sylwester Korga \/\/ Applied Sciences.- 2022, vol. 12, nr 23, s. 1-20 [MNiSW: 100]<\/li>\n<li>Documenting Archaeological Petroglyph Sites with the Use of 3D Terrestrial Laser Scanners\u2014A Case Study of Petroglyphs in Kyrgyzstan \/ Jacek K\u0119sik, Marek Mi\u0142osz, Jerzy Montusiewicz and Nella Israilova \/\/ Applied Sciences.- 2022, vol. 12, nr 20, s. 1-17 [MNiSW: 100]<\/li>\n<li>Preliminary Application of the Algorithm Highlighting Petroglyph Patterns \/ Piotr W\u00f3jcicki, Sylwester Korga, Marek Mi\u0142osz \/\/ Applied Sciences.- 2022, vol. 12, nr 3, s. 1-14 [MNiSW: 100]<\/li>\n<li>Virtual scientific expedition for 3D scanning of museum artifacts in the COVID-19 period \u2013 The methodology and case study \/ Marek Mi\u0142osz, Jerzy Montusiewicz, Jacek K\u0119sik, Kamil \u017by\u0142a, El\u017cbieta Mi\u0142osz, Rahim Kayumov, Nodir Anvarov \/\/ Digital Applications in Archaeology and Cultural Heritage.- 2022, vol. 26, s. 1-10 [MNiSW: 100]<\/li>\n<\/ul>\n<p><strong>2021 (7)<\/strong><\/p>\n<ul>\n<li>3D Scanning and Visualization of Large Monuments of Timurid Architecture in Central Asia &#8212; A Methodical Approach \/ Marek Mi\u0142osz, Jacek K\u0119sik, Jerzy Montusiewicz \/\/ Journal on Computing and Cultural Heritage.- 2021, vol. 14, nr 1, s. 1-31 [MNiSW: 100]<\/li>\n<li>Comparative Analysis of Digital Models of Objects of Cultural Heritage Obtained by the \u201c3D SLS\u201d and \u201cSfM\u201d Methods \/ Marcin Barszcz, Jerzy Montusiewicz, Magdalena Pa\u015bnikowska-\u0141ukaszuk and Anna Sa\u0142amacha \/\/ Applied Sciences.- 2021, vol. 11, nr 12, s. 1-20 [MNiSW: 100]<\/li>\n<li>Documenting the geometry of large architectural monuments using 3D scanning \u2013 the case of the dome of the Golden Mosque of the Tillya-Kori Madrasah in Samarkand \/ Jacek K\u0119sik, Marek Mi\u0142osz, Jerzy Montusiewicz, Khonkul Samarov \/\/ Digital Applications in Archaeology and Cultural Heritage.- 2021, vol. 22, s. 1-11 [MNiSW: 100]<\/li>\n<li>Scanning of Historical Clothes Using 3D Scanners: Comparison of Goals, Tools, and Methods \/ Kamil \u017by\u0142a, Jacek K\u0119sik, Filipe Santos and Ginevra House \/\/ Applied Sciences.- 2021, vol. 11, nr 12, s. 1-18 [MNiSW: 100]<\/li>\n<li>Methodology of 3D Scanning of Intangible Cultural Heritage\u2014The Example of Lazgi Dance \/ Maria Skublewska-Paszkowska, Pawe\u0142 Powro\u017anik, Jakub Smo\u0142ka, Marek Mi\u0142osz, Edyta \u0141ukasik, Dilbar Mukhamedova and El\u017cbieta Mi\u0142osz \/\/ Applied Sciences.- 2021, vol. 11, nr 23, s. 1-17 [MNiSW: 100]<\/li>\n<li>Structured-light 3D scanning of exhibited historical clothing\u2014a first-ever methodical trial and its results \/ Jerzy Montusiewicz, Marek Mi\u0142osz, Jacek K\u0119sik and Kamil \u017by\u0142a \/\/ Heritage Science.- 2021, vol. 9, nr 1, s. 1-20 [MNiSW: 140]<\/li>\n<li>The Method of Decomposition of Architectural Objects for the preparation of 3D Virtual Models and Replication \/ Jerzy Montusiewicz, Marcin Barszcz, Krzysztof Dziedzic, Tomasz Nowicki \/\/ Advances in Science and Technology Research Journal.- 2021, vol. 15, nr 2, s. 247-257 [MNiSW: 100]<\/li>\n<\/ul>\n<p><strong>2020 (3)<\/strong><\/p>\n<ul>\n<li>Determination of ceramic tile colour surface areas on the medieval Sher-Dor Madrasah mosaic in Samarkand \u2013 Problems and solutions \/ Marek Mi\u0142osz, El\u017cbieta Mi\u0142osz, Jerzy Montusiewicz \/\/ Digital Applications in Archaeology and Cultural Heritage.- 2020, vol. 16, s. 1-6 [MNiSW: 100]<\/li>\n<li>Virtual and interactive museum of archaeological artefacts from Afrasiyab \u2013 An ancient city on the silk road \/ Marek Mi\u0142osz, Stanis\u0142aw Skulimowski, Jacek K\u0119sik, Jerzy Montusiewicz \/\/ Digital Applications in Archaeology and Cultural Heritage.- 2020, vol. 18, s. 1-12 [MNiSW: 100]<\/li>\n<li>VR technologies as an extension to the museum exhibition: A case study of the Silk Road museums in Samarkand \/ Kamil \u017by\u0142a, Jerzy Montusiewicz, Stanis\u0142aw Skulimowski, Rahim Kayumov \/\/ Muzeologia a Kulturne Dedicstvo = Museology and Cultural Heritage.- 2020, nr 4, s. 73-93 [MNiSW: 200]<\/li>\n<\/ul>\n<h4>Scientific monographs:<\/h4>\n<ul>\n<li>3D Information Technology in the Protection and Popularization of the Cultural Heritage of the Silk Road \/ Marek Mi\u0142osz, Jerzy Montusiewicz, Jacek K\u0119sik.- Lublin : Wydawnictwo Politechniki Lubelskiej, 2022.- 134 s.- ISBN 978-83-7947-521-6 [MNiSW: 80]<\/li>\n<\/ul>\n<h4>Books &#8211;\u00a0scientific editing (5):<\/h4>\n<ul>\n<li>3D Information Technologies in Cultural Heritage Preservation and Popularization \/ ed. by Milosz Marek, K\u0119sik Jacek.- Basel: MDPI, 2023. \u2013 208 s.- ISBN: 978-3-0365-6281-0<\/li>\n<li>Computer technologies in sharing the cultural heritage and education of the Silk Road from Uzbekistans \/ ed. by Montusiewicz Jerzy, Abdullaev Utkir.- Lublin: Wydawnictwo Politechniki Lubelskiej, 2022. \u2013 256 s.- ISBN: 978-83-7947-516-2<\/li>\n<li>Cultural Heritage of Uzbekistan : From Petroglyphs to the Present Days \/ ed. by Montusiewicz, Jerzy, Eshchanov, Bakhodir &#8211; Lublin: Wydawnictwo Politechniki Lubelskiej, 2022. \u2013 179 s.- ISBN: 978-83-7947-515-5<\/li>\n<li>Intangible Cultural Heritage of the Silk Road from the Area of Modern Uzbekistan \/ ed. by Mi\u0142osz Marek, Mukhamedov Gafurdjan.- Lublin : Politechnika Lubelska, 2021.- 180 s.- ISBN 978-83-7947-463-9<\/li>\n<li>Tangible Cultural Heritage of the Silk Road from the Area of Modern Uzbekistan \/ ed. by El\u017cbieta Mi\u0142osz, Dilbar Mukhamedova.- Lublin : Wydawnictwo Politechniki Lubelskiej, 2021.- 134 s.- ISBN 978-83-7947-459-2<\/li>\n<\/ul>\n<h4>Special issues of scientific journals &#8211; scientific editing (2):<\/h4>\n<ul>\n<li>Applied Sciences \u2013 Special Issue &#8220;3D Information Technologies in Cultural Heritage Preservation and Popularisation&#8221; \/ ed. by Marek Milosz, Jacek K\u0119sik (<a href=\"https:\/\/www.mdpi.com\/journal\/applsci\/special_issues\/3D_information_technologies_in_cultural_heritage_preservation_and_popularisation\">https:\/\/www.mdpi.com\/journal\/applsci\/special_issues\/3D_information_technologies_in_cultural_heritage_preservation_and_popularisation<\/a>)<\/li>\n<li>Applied Sciences \u2013 Special Issue &#8220;3D Information Technologies for Tangible and Intangible Cultural Heritage&#8221;\/ ed. by Marek Milosz, Jacek K\u0119sik (<a href=\"https:\/\/www.mdpi.com\/journal\/applsci\/special_issues\/information_technologies_cultural_heritage\">https:\/\/www.mdpi.com\/journal\/applsci\/special_issues\/information_technologies_cultural_heritage<\/a>)<\/li>\n<\/ul>\n<p><\/p>","protected":false},"excerpt":{"rendered":"<p>Activities presenting the scientific and practical experience of the team of IT specialists implementing the project in the field of 3D digitization of cultural heritage objects: Projects currently underway: &#8220;Wooden monuments of the Carpathians in 3D &#8211; 3D digitization and sharing&#8221;. Project portal: carpatia3d.com &#8220;3D scanning of historical liturgical vestments belonging to the collection of &hellip; <a href=\"https:\/\/carpatia3d.com\/en\/publikacje-naukowe-zespolu\/\" class=\"more-link\">Continue reading <span class=\"screen-reader-text\">Team scientific publications<\/span><\/a><\/p>\n","protected":false},"author":2,"featured_media":165,"parent":0,"menu_order":0,"comment_status":"closed","ping_status":"closed","template":"","meta":{"footnotes":""},"class_list":["post-124","page","type-page","status-publish","has-post-thumbnail","hentry"],"_links":{"self":[{"href":"https:\/\/carpatia3d.com\/en\/wp-json\/wp\/v2\/pages\/124","targetHints":{"allow":["GET"]}}],"collection":[{"href":"https:\/\/carpatia3d.com\/en\/wp-json\/wp\/v2\/pages"}],"about":[{"href":"https:\/\/carpatia3d.com\/en\/wp-json\/wp\/v2\/types\/page"}],"author":[{"embeddable":true,"href":"https:\/\/carpatia3d.com\/en\/wp-json\/wp\/v2\/users\/2"}],"replies":[{"embeddable":true,"href":"https:\/\/carpatia3d.com\/en\/wp-json\/wp\/v2\/comments?post=124"}],"version-history":[{"count":9,"href":"https:\/\/carpatia3d.com\/en\/wp-json\/wp\/v2\/pages\/124\/revisions"}],"predecessor-version":[{"id":367,"href":"https:\/\/carpatia3d.com\/en\/wp-json\/wp\/v2\/pages\/124\/revisions\/367"}],"wp:featuredmedia":[{"embeddable":true,"href":"https:\/\/carpatia3d.com\/en\/wp-json\/wp\/v2\/media\/165"}],"wp:attachment":[{"href":"https:\/\/carpatia3d.com\/en\/wp-json\/wp\/v2\/media?parent=124"}],"curies":[{"name":"wp","href":"https:\/\/api.w.org\/{rel}","templated":true}]}}